{"id":66,"date":"2020-09-11T00:25:50","date_gmt":"2020-09-11T00:25:50","guid":{"rendered":"http:\/\/tackpro.com.br\/tackpro\/?page_id=66"},"modified":"2020-09-11T01:52:22","modified_gmt":"2020-09-11T01:52:22","slug":"tackpro","status":"publish","type":"page","link":"http:\/\/tackpro.com.br\/tackpro\/","title":{"rendered":""},"content":{"rendered":"\n<figure class=\"wp-block-pullquote\"><blockquote><p><strong>Os equipamentos da TackPro tem a qualidade das boas marcas internacionais e a melhor rela\u00e7\u00e3o de custo beneficio do mercado nacional.<\/strong><\/p><\/blockquote><\/figure>\n\n\n\n<blockquote class=\"wp-block-quote\"><p>Desde o princ\u00edpio a TackPro busca, incessante e obstinadamente, a excel\u00eancia. Essa determina\u00e7\u00e3o fez da TackPro uma marca de reconhecida qualidade, com produtos compar\u00e1veis aos de grandes nomes internacionais.<\/p><\/blockquote>\n","protected":false},"excerpt":{"rendered":"<p>Os equipamentos da TackPro tem a qualidade das boas marcas internacionais e a melhor rela\u00e7\u00e3o de custo beneficio do mercado nacional. [&hellip;]<\/p>\n","protected":false},"author":1,"featured_media":85,"parent":0,"menu_order":0,"comment_status":"closed","ping_status":"closed","template":"template-fullwide.php","meta":{"spay_email":""},"_links":{"self":[{"href":"http:\/\/tackpro.com.br\/tackpro\/wp-json\/wp\/v2\/pages\/66"}],"collection":[{"href":"http:\/\/tackpro.com.br\/tackpro\/wp-json\/wp\/v2\/pages"}],"about":[{"href":"http:\/\/tackpro.com.br\/tackpro\/wp-json\/wp\/v2\/types\/page"}],"author":[{"embeddable":true,"href":"http:\/\/tackpro.com.br\/tackpro\/wp-json\/wp\/v2\/users\/1"}],"replies":[{"embeddable":true,"href":"http:\/\/tackpro.com.br\/tackpro\/wp-json\/wp\/v2\/comments?post=66"}],"version-history":[{"count":4,"href":"http:\/\/tackpro.com.br\/tackpro\/wp-json\/wp\/v2\/pages\/66\/revisions"}],"predecessor-version":[{"id":87,"href":"http:\/\/tackpro.com.br\/tackpro\/wp-json\/wp\/v2\/pages\/66\/revisions\/87"}],"wp:featuredmedia":[{"embeddable":true,"href":"http:\/\/tackpro.com.br\/tackpro\/wp-json\/wp\/v2\/media\/85"}],"wp:attachment":[{"href":"http:\/\/tackpro.com.br\/tackpro\/wp-json\/wp\/v2\/media?parent=66"}],"curies":[{"name":"wp","href":"https:\/\/api.w.org\/{rel}","templated":true}]}}