{"id":133,"date":"2021-01-04T19:56:25","date_gmt":"2021-01-04T19:56:25","guid":{"rendered":"http:\/\/tackpro.com.br\/tackpro\/?post_type=product&#038;p=133"},"modified":"2026-01-27T16:25:08","modified_gmt":"2026-01-27T16:25:08","slug":"sela-salto-tackpro-premium","status":"publish","type":"product","link":"http:\/\/tackpro.com.br\/tackpro\/produto\/sela-salto-tackpro-premium\/","title":{"rendered":"SELA SALTO TACKPRO PREMIUM<br>INDISPON\u00cdVEL"},"content":{"rendered":"","protected":false},"excerpt":{"rendered":"<p><strong><span style=\"font-family: Arial, Helvetica, sans-serif; font-size: small;\">Inova\u00e7\u00e3o patenteada: Amortecedor de pol\u00edmero flex\u00edvel, com comprovada redu\u00e7\u00e3o de impacto nos \u00edsquios do cavaleiro;<\/span><\/strong><\/p>\n<ul>\n<li><span style=\"font-family: Arial, Helvetica, sans-serif; font-size: small;\">Arma\u00e7\u00e3o em pl\u00e1stico especial, permitindo exata determina\u00e7\u00e3o dos pontos de rigidez e flex\u00e3o;<\/span><\/li>\n<li><span style=\"font-family: Arial, Helvetica, sans-serif; font-size: small;\">Espumas de pol\u00edmero com resili\u00eancia programada;<\/span><\/li>\n<li><span style=\"font-family: Arial, Helvetica, sans-serif; font-size: small;\">Porta loros fundidos em a\u00e7o inox;<\/span><\/li>\n<li><span style=\"font-family: Arial, Helvetica, sans-serif; font-size: small;\">Borrainas ajust\u00e1veis;<\/span><\/li>\n<li><span style=\"font-family: Arial, Helvetica, sans-serif; font-size: small;\">Couro de exporta\u00e7\u00e3o;<\/span><\/li>\n<li><span style=\"font-family: Arial, Helvetica, sans-serif; font-size: small;\">Agora com placa de metal para grava\u00e7\u00e3o de nome.<\/span><\/li>\n<\/ul>\n<p><strong>INDISPON\u00cdVEL<\/strong><\/p>\n","protected":false},"featured_media":505,"template":"","meta":{"spay_email":""},"_links":{"self":[{"href":"http:\/\/tackpro.com.br\/tackpro\/wp-json\/wp\/v2\/product\/133"}],"collection":[{"href":"http:\/\/tackpro.com.br\/tackpro\/wp-json\/wp\/v2\/product"}],"about":[{"href":"http:\/\/tackpro.com.br\/tackpro\/wp-json\/wp\/v2\/types\/product"}],"wp:featuredmedia":[{"embeddable":true,"href":"http:\/\/tackpro.com.br\/tackpro\/wp-json\/wp\/v2\/media\/505"}],"wp:attachment":[{"href":"http:\/\/tackpro.com.br\/tackpro\/wp-json\/wp\/v2\/media?parent=133"}],"curies":[{"name":"wp","href":"https:\/\/api.w.org\/{rel}","templated":true}]}}