{"id":173,"date":"2021-01-06T18:56:58","date_gmt":"2021-01-06T18:56:58","guid":{"rendered":"http:\/\/tackpro.com.br\/tackpro\/?post_type=product&#038;p=173"},"modified":"2026-01-22T18:03:50","modified_gmt":"2026-01-22T18:03:50","slug":"cabecada-com-focinheira-h-fivela","status":"publish","type":"product","link":"http:\/\/tackpro.com.br\/tackpro\/produto\/cabecada-com-focinheira-h-fivela\/","title":{"rendered":"CABE\u00c7ADA COM FOCINHEIRA H FIVELA"},"content":{"rendered":"<p>Cores: Havana, Marrom e preto.<\/p>\n","protected":false},"excerpt":{"rendered":"<p>Cores: Havana, Marrom e preto.<\/p>\n<blockquote>\n<ul>\n<li><span style=\"font-family: Arial, Helvetica, sans-serif; font-size: small;\">Design mais sofisticado da linha, releitura de um cl\u00e1ssico de renomado seleiro europeu;<\/span><\/li>\n<li><span style=\"font-family: Arial, Helvetica, sans-serif; font-size: small;\">Testeira e focinheira estofadas em vaqueta macia;<\/span><\/li>\n<li><span style=\"font-family: Arial, Helvetica, sans-serif; font-size: small;\">Cachaceira anat\u00f4mica, almofadada e revestida em vaqueta, para prote\u00e7\u00e3o de nuca e orelhas;<\/span><\/li>\n<li><span style=\"font-family: Arial, Helvetica, sans-serif; font-size: small;\">Faceiras com fivela;<\/span><\/li>\n<li><span style=\"font-family: Arial, Helvetica, sans-serif; font-size: small;\">Focinheira com fivela de rolete para facilidade de ajuste;<\/span><\/li>\n<li><strong><span style=\"font-family: Arial, Helvetica, sans-serif; font-size: small;\">Agora com novo e exclusivo sistema em que a correia da focinheira \u00e9 incorporada na cachaceira, para excepcional conforto ao cavalo.<\/span><\/strong><\/li>\n<li><\/li>\n<\/ul>\n<\/blockquote>\n","protected":false},"featured_media":174,"template":"","meta":{"spay_email":""},"_links":{"self":[{"href":"http:\/\/tackpro.com.br\/tackpro\/wp-json\/wp\/v2\/product\/173"}],"collection":[{"href":"http:\/\/tackpro.com.br\/tackpro\/wp-json\/wp\/v2\/product"}],"about":[{"href":"http:\/\/tackpro.com.br\/tackpro\/wp-json\/wp\/v2\/types\/product"}],"wp:featuredmedia":[{"embeddable":true,"href":"http:\/\/tackpro.com.br\/tackpro\/wp-json\/wp\/v2\/media\/174"}],"wp:attachment":[{"href":"http:\/\/tackpro.com.br\/tackpro\/wp-json\/wp\/v2\/media?parent=173"}],"curies":[{"name":"wp","href":"https:\/\/api.w.org\/{rel}","templated":true}]}}