{"id":249,"date":"2021-01-06T22:06:32","date_gmt":"2021-01-06T22:06:32","guid":{"rendered":"http:\/\/tackpro.com.br\/tackpro\/?post_type=product&#038;p=249"},"modified":"2026-01-22T18:06:04","modified_gmt":"2026-01-22T18:06:04","slug":"cilha-bavette-2","status":"publish","type":"product","link":"http:\/\/tackpro.com.br\/tackpro\/produto\/cilha-bavette-2\/","title":{"rendered":"CILHA BAVETTE"},"content":{"rendered":"<p>Cores: Havana, Marrom e preto.<\/p>\n","protected":false},"excerpt":{"rendered":"<ul>\n<li><span style=\"font-family: Arial, Helvetica, sans-serif; font-size: small;\">Modelo redesenhado para prote\u00e7\u00e3o mais abrangente;<\/span><\/li>\n<li><span style=\"font-family: Arial, Helvetica, sans-serif; font-size: small;\">Diferentes tamanhos de corpo, proporcionais aos comprimentos da barrigueira;<\/span><\/li>\n<li><span style=\"font-family: Arial, Helvetica, sans-serif; font-size: small;\">Duas se\u00e7\u00f5es de el\u00e1stico ingl\u00eas duplo cruzado para engate<br \/>\ndo peitoral;<\/span><\/li>\n<li><span style=\"font-family: Arial, Helvetica, sans-serif; font-size: small;\">Correia em couro com fivela, para fixa\u00e7\u00e3o do peitoral;<\/span><\/li>\n<li><span style=\"font-family: Arial, Helvetica, sans-serif; font-size: small;\">Tr\u00eas argolas adicionais;<\/span><\/li>\n<li><span style=\"font-family: Arial, Helvetica, sans-serif; font-size: small;\">Em borracha especial, extremamente flex\u00edvel;<\/span><\/li>\n<li><span style=\"font-family: Arial, Helvetica, sans-serif; font-size: small;\">Revestida em vaqueta macia.<\/span><\/li>\n<\/ul>\n","protected":false},"featured_media":250,"template":"","meta":{"spay_email":""},"_links":{"self":[{"href":"http:\/\/tackpro.com.br\/tackpro\/wp-json\/wp\/v2\/product\/249"}],"collection":[{"href":"http:\/\/tackpro.com.br\/tackpro\/wp-json\/wp\/v2\/product"}],"about":[{"href":"http:\/\/tackpro.com.br\/tackpro\/wp-json\/wp\/v2\/types\/product"}],"wp:featuredmedia":[{"embeddable":true,"href":"http:\/\/tackpro.com.br\/tackpro\/wp-json\/wp\/v2\/media\/250"}],"wp:attachment":[{"href":"http:\/\/tackpro.com.br\/tackpro\/wp-json\/wp\/v2\/media?parent=249"}],"curies":[{"name":"wp","href":"https:\/\/api.w.org\/{rel}","templated":true}]}}