{"id":266,"date":"2021-01-11T12:22:22","date_gmt":"2021-01-11T12:22:22","guid":{"rendered":"http:\/\/tackpro.com.br\/tackpro\/?post_type=product&#038;p=266"},"modified":"2026-01-22T18:05:37","modified_gmt":"2026-01-22T18:05:37","slug":"redea-alca-movel","status":"publish","type":"product","link":"http:\/\/tackpro.com.br\/tackpro\/produto\/redea-alca-movel\/","title":{"rendered":"R\u00c9DEA AL\u00c7A M\u00d3VEL"},"content":{"rendered":"<p>Cores: Havana, Marrom e preto.<\/p>\n","protected":false},"excerpt":{"rendered":"<ul>\n<li><span style=\"font-family: Verdana, Arial, Helvetica, sans-serif; font-size: small;\">Al\u00e7as m\u00f3veis que permitem o posicionamento correto das m\u00e3os do cavaleiro;<\/span><\/li>\n<li><span style=\"font-family: Verdana, Arial, Helvetica, sans-serif; font-size: small;\">R\u00e9dea feita em Cadar\u00e7o de algod\u00e3o e couro;<\/span><\/li>\n<li><span style=\"font-family: Verdana, Arial, Helvetica, sans-serif; font-size: small;\">Cadar\u00e7o especialmente fabricado para TackPro, conforme modelo ingl\u00eas;<\/span><\/li>\n<li><span style=\"font-family: Verdana, Arial, Helvetica, sans-serif; font-size: small;\">Terminal em fivela, com borboletas em couro.<\/span><\/li>\n<\/ul>\n","protected":false},"featured_media":267,"template":"","meta":{"spay_email":""},"_links":{"self":[{"href":"http:\/\/tackpro.com.br\/tackpro\/wp-json\/wp\/v2\/product\/266"}],"collection":[{"href":"http:\/\/tackpro.com.br\/tackpro\/wp-json\/wp\/v2\/product"}],"about":[{"href":"http:\/\/tackpro.com.br\/tackpro\/wp-json\/wp\/v2\/types\/product"}],"wp:featuredmedia":[{"embeddable":true,"href":"http:\/\/tackpro.com.br\/tackpro\/wp-json\/wp\/v2\/media\/267"}],"wp:attachment":[{"href":"http:\/\/tackpro.com.br\/tackpro\/wp-json\/wp\/v2\/media?parent=266"}],"curies":[{"name":"wp","href":"https:\/\/api.w.org\/{rel}","templated":true}]}}