{"id":284,"date":"2021-01-11T13:40:13","date_gmt":"2021-01-11T13:40:13","guid":{"rendered":"http:\/\/tackpro.com.br\/tackpro\/?post_type=product&#038;p=284"},"modified":"2026-01-22T17:41:19","modified_gmt":"2026-01-22T17:41:19","slug":"redea-de-cadarco-largo-fivela","status":"publish","type":"product","link":"http:\/\/tackpro.com.br\/tackpro\/produto\/redea-de-cadarco-largo-fivela\/","title":{"rendered":"R\u00c9DEA DE CADAR\u00c7O LARGO FIVELA"},"content":{"rendered":"<p>Cores: Havana, Marrom e preto.<\/p>\n","protected":false},"excerpt":{"rendered":"<ul>\n<li><span style=\"font-family: Arial, Helvetica, sans-serif; font-size: small;\">Mais larga e grossa que o modelo normal. Uma op\u00e7\u00e3o a mais, j\u00e1 preferida por muitos cavaleiros;<\/span><\/li>\n<li><span style=\"font-family: Arial, Helvetica, sans-serif; font-size: small;\">Em cadar\u00e7o de puro algod\u00e3o especialmente tecido para TackPro;<\/span><\/li>\n<li><span style=\"font-family: Arial, Helvetica, sans-serif; font-size: small;\">Com borboletas em couro.<\/span><\/li>\n<\/ul>\n","protected":false},"featured_media":285,"template":"","meta":{"spay_email":""},"_links":{"self":[{"href":"http:\/\/tackpro.com.br\/tackpro\/wp-json\/wp\/v2\/product\/284"}],"collection":[{"href":"http:\/\/tackpro.com.br\/tackpro\/wp-json\/wp\/v2\/product"}],"about":[{"href":"http:\/\/tackpro.com.br\/tackpro\/wp-json\/wp\/v2\/types\/product"}],"wp:featuredmedia":[{"embeddable":true,"href":"http:\/\/tackpro.com.br\/tackpro\/wp-json\/wp\/v2\/media\/285"}],"wp:attachment":[{"href":"http:\/\/tackpro.com.br\/tackpro\/wp-json\/wp\/v2\/media?parent=284"}],"curies":[{"name":"wp","href":"https:\/\/api.w.org\/{rel}","templated":true}]}}