{"id":289,"date":"2021-01-11T13:43:17","date_gmt":"2021-01-11T13:43:17","guid":{"rendered":"http:\/\/tackpro.com.br\/tackpro\/?post_type=product&#038;p=289"},"modified":"2026-01-22T17:40:51","modified_gmt":"2026-01-22T17:40:51","slug":"redea-linha-borracha-bombe","status":"publish","type":"product","link":"http:\/\/tackpro.com.br\/tackpro\/produto\/redea-linha-borracha-bombe\/","title":{"rendered":"R\u00c9DEA LINHA BORRACHA BOMB\u00ca"},"content":{"rendered":"<p>Cores: Havana, Marrom e preto.<\/p>\n","protected":false},"excerpt":{"rendered":"<ul>\n<li class=\"texto\"><span class=\"texto\">Exclusiva personaliza\u00e7\u00e3o com Bordado no Bomb\u00ea<span style=\"font-family: Arial, Helvetica, sans-serif; font-size: small;\">;<\/span><\/span><\/li>\n<li class=\"texto\"><span class=\"texto\">Em poli\u00e9ster com pespontos de borracha, para maior ader\u00eancia;<\/span><\/li>\n<li class=\"texto\"><span class=\"texto\">Com borboletas em couro<\/span><\/li>\n<\/ul>\n","protected":false},"featured_media":292,"template":"","meta":{"spay_email":""},"_links":{"self":[{"href":"http:\/\/tackpro.com.br\/tackpro\/wp-json\/wp\/v2\/product\/289"}],"collection":[{"href":"http:\/\/tackpro.com.br\/tackpro\/wp-json\/wp\/v2\/product"}],"about":[{"href":"http:\/\/tackpro.com.br\/tackpro\/wp-json\/wp\/v2\/types\/product"}],"wp:featuredmedia":[{"embeddable":true,"href":"http:\/\/tackpro.com.br\/tackpro\/wp-json\/wp\/v2\/media\/292"}],"wp:attachment":[{"href":"http:\/\/tackpro.com.br\/tackpro\/wp-json\/wp\/v2\/media?parent=289"}],"curies":[{"name":"wp","href":"https:\/\/api.w.org\/{rel}","templated":true}]}}