{"id":322,"date":"2021-01-11T14:14:55","date_gmt":"2021-01-11T14:14:55","guid":{"rendered":"http:\/\/tackpro.com.br\/tackpro\/?post_type=product&#038;p=322"},"modified":"2026-01-22T18:05:36","modified_gmt":"2026-01-22T18:05:36","slug":"cabresto","status":"publish","type":"product","link":"http:\/\/tackpro.com.br\/tackpro\/produto\/cabresto\/","title":{"rendered":"CABRESTO"},"content":{"rendered":"<p>Cores: Havana, Marrom e preto.<\/p>\n","protected":false},"excerpt":{"rendered":"<ul>\n<li><span style=\"font-family: Arial, Helvetica, sans-serif; font-size: small;\">Cachaceira de formato super anat\u00f4mico;<\/span><\/li>\n<li><span style=\"font-family: Arial, Helvetica, sans-serif; font-size: small;\">Estofado em borracha super flex\u00edvel e vaqueta macia para prote\u00e7\u00e3o da nuca e focinho;<\/span><\/li>\n<li><span style=\"font-family: Arial, Helvetica, sans-serif; font-size: small;\">Focinheira com acabamento boleado (raised);<\/span><\/li>\n<li><span style=\"font-family: Arial, Helvetica, sans-serif; font-size: small;\">Afogador em couro roli\u00e7o, com mosquet\u00e3o;<\/span><\/li>\n<li><span style=\"font-family: Arial, Helvetica, sans-serif; font-size: small;\">Regulagem na barbela e dupla regulagem na cachaceira;<\/span><\/li>\n<li><span style=\"font-family: Arial, Helvetica, sans-serif; font-size: small;\">Placa em a\u00e7o inox para grava\u00e7\u00e3o de nome.<\/span><\/li>\n<\/ul>\n","protected":false},"featured_media":323,"template":"","meta":{"spay_email":""},"_links":{"self":[{"href":"http:\/\/tackpro.com.br\/tackpro\/wp-json\/wp\/v2\/product\/322"}],"collection":[{"href":"http:\/\/tackpro.com.br\/tackpro\/wp-json\/wp\/v2\/product"}],"about":[{"href":"http:\/\/tackpro.com.br\/tackpro\/wp-json\/wp\/v2\/types\/product"}],"wp:featuredmedia":[{"embeddable":true,"href":"http:\/\/tackpro.com.br\/tackpro\/wp-json\/wp\/v2\/media\/323"}],"wp:attachment":[{"href":"http:\/\/tackpro.com.br\/tackpro\/wp-json\/wp\/v2\/media?parent=322"}],"curies":[{"name":"wp","href":"https:\/\/api.w.org\/{rel}","templated":true}]}}