{"id":348,"date":"2021-01-11T14:34:34","date_gmt":"2021-01-11T14:34:34","guid":{"rendered":"http:\/\/tackpro.com.br\/tackpro\/?post_type=product&#038;p=348"},"modified":"2026-01-22T18:03:38","modified_gmt":"2026-01-22T18:03:38","slug":"guia-de-cadarco-10m","status":"publish","type":"product","link":"http:\/\/tackpro.com.br\/tackpro\/produto\/guia-de-cadarco-10m\/","title":{"rendered":"GUIA DE CADAR\u00c7O 10m"},"content":{"rendered":"<p>Cores: Havana, Marrom e preto.<\/p>\n","protected":false},"excerpt":{"rendered":"<ul>\n<li><span style=\"font-family: Arial, Helvetica, sans-serif; font-size: small;\">Em cadar\u00e7o de puro algod\u00e3o especialmente tecido para TackPro, conforme modelo ingl\u00eas;<\/span><\/li>\n<li><span style=\"font-family: Arial, Helvetica, sans-serif; font-size: small;\">Com mosquet\u00e3o, al\u00e7a e grips de couro.<\/span><\/li>\n<\/ul>\n","protected":false},"featured_media":352,"template":"","meta":{"spay_email":""},"_links":{"self":[{"href":"http:\/\/tackpro.com.br\/tackpro\/wp-json\/wp\/v2\/product\/348"}],"collection":[{"href":"http:\/\/tackpro.com.br\/tackpro\/wp-json\/wp\/v2\/product"}],"about":[{"href":"http:\/\/tackpro.com.br\/tackpro\/wp-json\/wp\/v2\/types\/product"}],"wp:featuredmedia":[{"embeddable":true,"href":"http:\/\/tackpro.com.br\/tackpro\/wp-json\/wp\/v2\/media\/352"}],"wp:attachment":[{"href":"http:\/\/tackpro.com.br\/tackpro\/wp-json\/wp\/v2\/media?parent=348"}],"curies":[{"name":"wp","href":"https:\/\/api.w.org\/{rel}","templated":true}]}}