{"id":364,"date":"2021-01-11T14:56:35","date_gmt":"2021-01-11T14:56:35","guid":{"rendered":"http:\/\/tackpro.com.br\/tackpro\/?post_type=product&#038;p=364"},"modified":"2026-01-22T18:03:51","modified_gmt":"2026-01-22T18:03:51","slug":"redea-thiedmann-redeas","status":"publish","type":"product","link":"http:\/\/tackpro.com.br\/tackpro\/produto\/redea-thiedmann-redeas\/","title":{"rendered":"R\u00c9DEA THIEDMANN &#8211; R\u00c9DEAS"},"content":{"rendered":"<p>Cores: Havana, Marrom e preto.<\/p>\n","protected":false},"excerpt":{"rendered":"<ul>\n<li><span style=\"font-family: Arial, Helvetica, sans-serif; font-size: small;\">Combina\u00e7\u00e3o da r\u00e9dea normal com a alem\u00e3, tendo o efeito de uma ou outra dependendo da regulagem;<\/span><\/li>\n<li><span style=\"font-family: Arial, Helvetica, sans-serif; font-size: small;\">Em cadar\u00e7o de algod\u00e3o e couro com terminais loop;<\/span><\/li>\n<li><span style=\"font-family: Arial, Helvetica, sans-serif; font-size: small;\">Uso conjunto com a R\u00e9dea Thiedmann \u2013 principal ou R\u00e9dea Thiedmann \u2013 principal para peitoral.<\/span><\/li>\n<\/ul>\n","protected":false},"featured_media":365,"template":"","meta":{"spay_email":""},"_links":{"self":[{"href":"http:\/\/tackpro.com.br\/tackpro\/wp-json\/wp\/v2\/product\/364"}],"collection":[{"href":"http:\/\/tackpro.com.br\/tackpro\/wp-json\/wp\/v2\/product"}],"about":[{"href":"http:\/\/tackpro.com.br\/tackpro\/wp-json\/wp\/v2\/types\/product"}],"wp:featuredmedia":[{"embeddable":true,"href":"http:\/\/tackpro.com.br\/tackpro\/wp-json\/wp\/v2\/media\/365"}],"wp:attachment":[{"href":"http:\/\/tackpro.com.br\/tackpro\/wp-json\/wp\/v2\/media?parent=364"}],"curies":[{"name":"wp","href":"https:\/\/api.w.org\/{rel}","templated":true}]}}