{"id":418,"date":"2021-01-11T17:12:38","date_gmt":"2021-01-11T17:12:38","guid":{"rendered":"http:\/\/tackpro.com.br\/tackpro\/?post_type=product&#038;p=418"},"modified":"2026-01-22T16:51:41","modified_gmt":"2026-01-22T16:51:41","slug":"cinto-metal-com-placa","status":"publish","type":"product","link":"http:\/\/tackpro.com.br\/tackpro\/produto\/cinto-metal-com-placa\/","title":{"rendered":"CINTO METAL COM PLACA"},"content":{"rendered":"<p>Cores: Havana, Marrom e preto.<\/p>\n","protected":false},"excerpt":{"rendered":"<ul>\n<li><span style=\"font-family: Arial, Helvetica, sans-serif; font-size: small;\">Em Varia\u00e7\u00e3o do cinto metal, com placa de a\u00e7o inox para grava\u00e7\u00e3o do nome do cavaleiro;<\/span><\/li>\n<li><span style=\"font-family: Arial, Helvetica, sans-serif; font-size: small;\">Em couro, com enfeites cl\u00e1ssicos para cabe\u00e7adas, em a\u00e7o inox;<\/span><\/li>\n<li><span style=\"font-family: Arial, Helvetica, sans-serif; font-size: small;\">Estofado com vaqueta macia;<\/span><\/li>\n<li><span style=\"font-family: Arial, Helvetica, sans-serif; font-size: small;\">Fivela em lat\u00e3o niquelado.<\/span><\/li>\n<\/ul>\n","protected":false},"featured_media":420,"template":"","meta":{"spay_email":""},"_links":{"self":[{"href":"http:\/\/tackpro.com.br\/tackpro\/wp-json\/wp\/v2\/product\/418"}],"collection":[{"href":"http:\/\/tackpro.com.br\/tackpro\/wp-json\/wp\/v2\/product"}],"about":[{"href":"http:\/\/tackpro.com.br\/tackpro\/wp-json\/wp\/v2\/types\/product"}],"wp:featuredmedia":[{"embeddable":true,"href":"http:\/\/tackpro.com.br\/tackpro\/wp-json\/wp\/v2\/media\/420"}],"wp:attachment":[{"href":"http:\/\/tackpro.com.br\/tackpro\/wp-json\/wp\/v2\/media?parent=418"}],"curies":[{"name":"wp","href":"https:\/\/api.w.org\/{rel}","templated":true}]}}