{"id":438,"date":"2021-01-11T18:00:40","date_gmt":"2021-01-11T18:00:40","guid":{"rendered":"http:\/\/tackpro.com.br\/tackpro\/?post_type=product&#038;p=438"},"modified":"2026-01-22T18:05:37","modified_gmt":"2026-01-22T18:05:37","slug":"peitoral-t-elastico-largo","status":"publish","type":"product","link":"http:\/\/tackpro.com.br\/tackpro\/produto\/peitoral-t-elastico-largo\/","title":{"rendered":"PEITORAL T EL\u00c1STICO LARGO"},"content":{"rendered":"<p>Cores: Havana, Marrom e preto.<\/p>\n","protected":false},"excerpt":{"rendered":"<ul>\n<li><span style=\"font-family: Arial, Helvetica, sans-serif; font-size: small;\">Medalha projetada por TackPro substitui a tradicional argola, com f\u00e1cil engate para o martingale;<\/span><\/li>\n<li><span style=\"font-family: Arial, Helvetica, sans-serif; font-size: small;\">Tr\u00eas argolas adicionais para r\u00e9deas de controle e francaletes com regulagem e mosquet\u00e3o;<\/span><\/li>\n<li><span style=\"font-family: Arial, Helvetica, sans-serif; font-size: small;\">El\u00e1stico largo ingl\u00eas com tr\u00eas possibilidades de cor ( verde , marrom e preto);<\/span><\/li>\n<li><span style=\"font-family: Arial, Helvetica, sans-serif; font-size: small;\">Estofamento em vaqueta macia.<\/span><\/li>\n<\/ul>\n","protected":false},"featured_media":445,"template":"","meta":{"spay_email":""},"_links":{"self":[{"href":"http:\/\/tackpro.com.br\/tackpro\/wp-json\/wp\/v2\/product\/438"}],"collection":[{"href":"http:\/\/tackpro.com.br\/tackpro\/wp-json\/wp\/v2\/product"}],"about":[{"href":"http:\/\/tackpro.com.br\/tackpro\/wp-json\/wp\/v2\/types\/product"}],"wp:featuredmedia":[{"embeddable":true,"href":"http:\/\/tackpro.com.br\/tackpro\/wp-json\/wp\/v2\/media\/445"}],"wp:attachment":[{"href":"http:\/\/tackpro.com.br\/tackpro\/wp-json\/wp\/v2\/media?parent=438"}],"curies":[{"name":"wp","href":"https:\/\/api.w.org\/{rel}","templated":true}]}}