{"id":448,"date":"2021-01-11T18:12:57","date_gmt":"2021-01-11T18:12:57","guid":{"rendered":"http:\/\/tackpro.com.br\/tackpro\/?post_type=product&#038;p=448"},"modified":"2026-01-22T18:03:51","modified_gmt":"2026-01-22T18:03:51","slug":"peitoral-y-elastico-estreito","status":"publish","type":"product","link":"http:\/\/tackpro.com.br\/tackpro\/produto\/peitoral-y-elastico-estreito\/","title":{"rendered":"PEITORAL Y EL\u00c1STICO ESTREITO"},"content":{"rendered":"<p>Cores: Havana, Marrom e preto.<\/p>\n","protected":false},"excerpt":{"rendered":"<ul>\n<li><span style=\"font-family: Arial, Helvetica, sans-serif; font-size: small;\">Varia\u00e7\u00e3o do T couro e el\u00e1stico estreito, com al\u00e7a em couro estofado para apoio na cernelha;<\/span><\/li>\n<li><span style=\"font-family: Arial, Helvetica, sans-serif; font-size: small;\">Francaletes fixos; regulagem nas tiras laterais.<\/span><\/li>\n<\/ul>\n","protected":false},"featured_media":449,"template":"","meta":{"spay_email":""},"_links":{"self":[{"href":"http:\/\/tackpro.com.br\/tackpro\/wp-json\/wp\/v2\/product\/448"}],"collection":[{"href":"http:\/\/tackpro.com.br\/tackpro\/wp-json\/wp\/v2\/product"}],"about":[{"href":"http:\/\/tackpro.com.br\/tackpro\/wp-json\/wp\/v2\/types\/product"}],"wp:featuredmedia":[{"embeddable":true,"href":"http:\/\/tackpro.com.br\/tackpro\/wp-json\/wp\/v2\/media\/449"}],"wp:attachment":[{"href":"http:\/\/tackpro.com.br\/tackpro\/wp-json\/wp\/v2\/media?parent=448"}],"curies":[{"name":"wp","href":"https:\/\/api.w.org\/{rel}","templated":true}]}}