{"id":465,"date":"2021-01-11T18:28:12","date_gmt":"2021-01-11T18:28:12","guid":{"rendered":"http:\/\/tackpro.com.br\/tackpro\/?post_type=product&#038;p=465"},"modified":"2026-01-22T18:06:04","modified_gmt":"2026-01-22T18:06:04","slug":"martingale-para-peitoral-2","status":"publish","type":"product","link":"http:\/\/tackpro.com.br\/tackpro\/produto\/martingale-para-peitoral-2\/","title":{"rendered":"MARTINGALE PARA PEITORAL EL\u00c1STICO"},"content":{"rendered":"<p>Cores: Havana, Marrom e preto.<\/p>\n","protected":false},"excerpt":{"rendered":"<ul>\n<li><span style=\"font-family: Arial, Helvetica, sans-serif; font-size: small;\">Varia\u00e7\u00e3o do mini martingale, em el\u00e1stico, com tr\u00eas possibilidades de cor (verde, marrom e preto).<\/span><\/li>\n<li><span style=\"font-family: Arial, Helvetica, sans-serif; font-size: small;\">Evita que o cavalo encontre um ponto fixo e se ap\u00f3ie na m\u00e3o do cavaleiro.<\/span><\/li>\n<\/ul>\n","protected":false},"featured_media":468,"template":"","meta":{"spay_email":""},"_links":{"self":[{"href":"http:\/\/tackpro.com.br\/tackpro\/wp-json\/wp\/v2\/product\/465"}],"collection":[{"href":"http:\/\/tackpro.com.br\/tackpro\/wp-json\/wp\/v2\/product"}],"about":[{"href":"http:\/\/tackpro.com.br\/tackpro\/wp-json\/wp\/v2\/types\/product"}],"wp:featuredmedia":[{"embeddable":true,"href":"http:\/\/tackpro.com.br\/tackpro\/wp-json\/wp\/v2\/media\/468"}],"wp:attachment":[{"href":"http:\/\/tackpro.com.br\/tackpro\/wp-json\/wp\/v2\/media?parent=465"}],"curies":[{"name":"wp","href":"https:\/\/api.w.org\/{rel}","templated":true}]}}