{"id":509,"date":"2021-03-08T21:17:00","date_gmt":"2021-03-08T21:17:00","guid":{"rendered":"http:\/\/tackpro.com.br\/tackpro\/?post_type=product&#038;p=509"},"modified":"2026-01-22T18:06:04","modified_gmt":"2026-01-22T18:06:04","slug":"cabecada-com-focinheira-anatomica-comfort","status":"publish","type":"product","link":"http:\/\/tackpro.com.br\/tackpro\/produto\/cabecada-com-focinheira-anatomica-comfort\/","title":{"rendered":"CABE\u00c7ADA COM FOCINHEIRA ANAT\u00d4MICA COMFORT"},"content":{"rendered":"<p>Cores: Havana, Marrom e preto.<\/p>\n","protected":false},"excerpt":{"rendered":"<p>Cores: Havana, Marrom e preto.<\/p>\n<ul>\n<li class=\"texto\"><span class=\"texto\"><span style=\"font-family: Arial, Helvetica, sans-serif; font-size: small;\">Exclusiva personaliza\u00e7\u00e3o da testeira e focinheira\u00a0com Bordado no Bomb\u00ea;<\/span><\/span><\/li>\n<li class=\"texto\"><span class=\"texto\">Testeira e focinheira estofadas em vaqueta macia;]<\/span><\/li>\n<li class=\"texto\"><span class=\"texto\">Cachaceira anat\u00f4mica, almofadada e revestida em vaqueta, para prote\u00e7\u00e3o de nuca e orelhas;<\/span><\/li>\n<li class=\"texto\"><span class=\"texto\">Focinheira anat\u00f4mica com fivela de rolete para facilidade de ajuste;<\/span><\/li>\n<li class=\"texto\"><span class=\"texto\">Agora com novo e exclusivo sistema em que a correia da focinheira \u00e9 incorporada na cachaceira, para excepcional conforto ao cavalo.\u00a0<\/span><\/li>\n<li><span class=\"texto\">Faceiras com fivela;<\/span><\/li>\n<\/ul>\n","protected":false},"featured_media":510,"template":"","meta":{"spay_email":""},"_links":{"self":[{"href":"http:\/\/tackpro.com.br\/tackpro\/wp-json\/wp\/v2\/product\/509"}],"collection":[{"href":"http:\/\/tackpro.com.br\/tackpro\/wp-json\/wp\/v2\/product"}],"about":[{"href":"http:\/\/tackpro.com.br\/tackpro\/wp-json\/wp\/v2\/types\/product"}],"wp:featuredmedia":[{"embeddable":true,"href":"http:\/\/tackpro.com.br\/tackpro\/wp-json\/wp\/v2\/media\/510"}],"wp:attachment":[{"href":"http:\/\/tackpro.com.br\/tackpro\/wp-json\/wp\/v2\/media?parent=509"}],"curies":[{"name":"wp","href":"https:\/\/api.w.org\/{rel}","templated":true}]}}