{"id":581,"date":"2022-08-22T19:36:20","date_gmt":"2022-08-22T19:36:20","guid":{"rendered":"http:\/\/tackpro.com.br\/tackpro\/?post_type=product&#038;p=581"},"modified":"2026-01-22T18:03:50","modified_gmt":"2026-01-22T18:03:50","slug":"lateral-faceira","status":"publish","type":"product","link":"http:\/\/tackpro.com.br\/tackpro\/produto\/lateral-faceira\/","title":{"rendered":"Lateral Faceira"},"content":{"rendered":"","protected":false},"excerpt":{"rendered":"<p>Acess\u00f3rio usado nas laterais da cabe\u00e7ada (faceiras) para limitar o campo de vis\u00e3o do cavalo.<br \/>\nFeito em couro com fechamento em velcro.<\/p>\n<p>Vendido em pares.<br \/>\nCores: marrom, havana e preto.<\/p>\n","protected":false},"featured_media":584,"template":"","meta":{"spay_email":""},"_links":{"self":[{"href":"http:\/\/tackpro.com.br\/tackpro\/wp-json\/wp\/v2\/product\/581"}],"collection":[{"href":"http:\/\/tackpro.com.br\/tackpro\/wp-json\/wp\/v2\/product"}],"about":[{"href":"http:\/\/tackpro.com.br\/tackpro\/wp-json\/wp\/v2\/types\/product"}],"wp:featuredmedia":[{"embeddable":true,"href":"http:\/\/tackpro.com.br\/tackpro\/wp-json\/wp\/v2\/media\/584"}],"wp:attachment":[{"href":"http:\/\/tackpro.com.br\/tackpro\/wp-json\/wp\/v2\/media?parent=581"}],"curies":[{"name":"wp","href":"https:\/\/api.w.org\/{rel}","templated":true}]}}